{"id":178,"date":"2019-06-17T08:32:26","date_gmt":"2019-06-17T06:32:26","guid":{"rendered":"http:\/\/neue-zeit-magazin.de\/?page_id=178"},"modified":"2026-01-11T13:00:53","modified_gmt":"2026-01-11T12:00:53","slug":"fuer-leser","status":"publish","type":"page","link":"http:\/\/neue-zeit-magazin.de\/?page_id=178","title":{"rendered":"F\u00fcr Leser"},"content":{"rendered":"\n<p style=\"font-size:20px\"><strong>Liebe Leserin, lieber Leser,<\/strong><br><br>seit dem Start im Juli 2017 hat das Magazin weltweit interessierte Leser gefunden.  Daf\u00fcr m\u00f6chte ich mich auf diesem Wege einmal herzlich bedanken. Da es mir ein Herzensanliegen ist, die lichtvolle Wahrheit und das Wort zu verk\u00fcnden, freut mich das sehr.<br><br>Die Arbeit am Magazin ist jedoch nicht nur mit Freude, sondern auch mit Kosten und erheblichem Zeitaufwand verbunden. Die Kosten f\u00fcr die Domain trage ich komplett selbst. Je nach Auslastung und Inspiration werden von mir eigene Artikel f\u00fcr verschiedene Kategorien verfasst und eingestellt. Neben meinen eigenen Artikeln werden auch die Artikel der Gastautoren von mir gestaltet; Themenbereiche und Bilder werden ausgew\u00e4hlt und hochgeladen; Rechtschreibung, Grammatik und Zeichensetzung werden \u00fcberpr\u00fcft und ggfs. korrigiert. Formatierung, Zeilen- und Seitenumbr\u00fcche m\u00fcssen \u00fcberpr\u00fcft und z. T. manuell korrigiert werden; manchmal sind auch L\u00fccken zu schlie\u00dfen oder zusammengerutschte W\u00f6rter ohne Leerzeichen voneinander zu trennen. <\/p>\n\n\n\n<p style=\"font-size:20px\">Um das Magazin aktuell und lebendig zu halten, wende ich mehrere Arbeitstage pro Quartal auf. Auf Werbeeinnahmen fremder Dritter habe ich bisher jedoch bewusst verzichtet.<\/p>\n\n\n\n<p><\/p>\n\n\n\n<p style=\"font-size:20px\">Namaste\u2018 und herzlichen Dank &#x2665; Marion Fabijenna<\/p>\n","protected":false},"excerpt":{"rendered":"<p>Liebe Leserin, lieber Leser, seit dem Start im Juli 2017 hat das Magazin weltweit interessierte Leser gefunden. Daf\u00fcr m\u00f6chte ich mich auf diesem Wege einmal [&hellip;] <span class=\"read-more-link\"><a class=\"read-more\" href=\"http:\/\/neue-zeit-magazin.de\/?page_id=178\">Read More<\/a><\/span><\/p>\n","protected":false},"author":2,"featured_media":0,"parent":0,"menu_order":0,"comment_status":"closed","ping_status":"closed","template":"","meta":{"footnotes":""},"class_list":["post-178","page","type-page","status-publish","hentry"],"_links":{"self":[{"href":"http:\/\/neue-zeit-magazin.de\/index.php?rest_route=\/wp\/v2\/pages\/178","targetHints":{"allow":["GET"]}}],"collection":[{"href":"http:\/\/neue-zeit-magazin.de\/index.php?rest_route=\/wp\/v2\/pages"}],"about":[{"href":"http:\/\/neue-zeit-magazin.de\/index.php?rest_route=\/wp\/v2\/types\/page"}],"author":[{"embeddable":true,"href":"http:\/\/neue-zeit-magazin.de\/index.php?rest_route=\/wp\/v2\/users\/2"}],"replies":[{"embeddable":true,"href":"http:\/\/neue-zeit-magazin.de\/index.php?rest_route=%2Fwp%2Fv2%2Fcomments&post=178"}],"version-history":[{"count":57,"href":"http:\/\/neue-zeit-magazin.de\/index.php?rest_route=\/wp\/v2\/pages\/178\/revisions"}],"predecessor-version":[{"id":2757,"href":"http:\/\/neue-zeit-magazin.de\/index.php?rest_route=\/wp\/v2\/pages\/178\/revisions\/2757"}],"wp:attachment":[{"href":"http:\/\/neue-zeit-magazin.de\/index.php?rest_route=%2Fwp%2Fv2%2Fmedia&parent=178"}],"curies":[{"name":"wp","href":"https:\/\/api.w.org\/{rel}","templated":true}]}}