{"id":164,"date":"2019-06-17T07:42:43","date_gmt":"2019-06-17T05:42:43","guid":{"rendered":"http:\/\/neue-zeit-magazin.de\/?page_id=164"},"modified":"2019-06-17T21:51:10","modified_gmt":"2019-06-17T19:51:10","slug":"disclaimer","status":"publish","type":"page","link":"http:\/\/neue-zeit-magazin.de\/?page_id=164","title":{"rendered":"Disclaimer"},"content":{"rendered":"\n<p><strong>Externe Links<\/strong><\/p>\n\n\n\n<p>Das\n Magazin enth\u00e4lt Verkn\u00fcpfungen zu Webseiten Dritter (&#8222;externe Links&#8220;). \nDiese Webseiten unterliegen der Haftung der jeweiligen Betreiber. Der \nHerausgeber hat bei der erstmaligen Verkn\u00fcpfung der externen Links die \nfremden Inhalte daraufhin \u00fcberpr\u00fcft, ob etwaige Rechtsverst\u00f6\u00dfe bestehen.\n Zu diesem Zeitpunkt waren keine Rechtsverst\u00f6\u00dfe ersichtlich. Der \nHerausgeber hat keinerlei Einfluss auf die aktuelle und zuk\u00fcnftige \nGestaltung und auf die Inhalte der verkn\u00fcpften Seiten. Das Setzen von \nexternen Links bedeutet nicht, dass sich der Herausgeber die hinter dem \nVerweis oder Link liegenden Inhalte zu Eigen macht. Eine st\u00e4ndige \nKontrolle der externen Links ist f\u00fcr den Herausgeber ohne konkrete \nHinweise auf Rechtsverst\u00f6\u00dfe nicht zumutbar. Bei Kenntnis von \nRechtsverst\u00f6\u00dfen werden jedoch derartige externe Links unverz\u00fcglich \ngel\u00f6scht.<\/p>\n\n\n\n<p><strong>Urheberrecht\/Copyright<\/strong><\/p>\n\n\n\n<p>Alle  Inhalte, Fotos, Abbildungen, Grafiken und Designs inkl. Quelltexte  dieser Webseiten unterliegen dem Schutz des Urheberrechts und anderer  Schutzgesetze geistigen Eigentums und d\u00fcrfen ohne schriftliche  Genehmigung weder kopiert, vervielf\u00e4ltigt, verbreitet, ver\u00e4ndert,  \u00fcbertragen, gespeichert noch zu Vorlagen zwecken verwendet oder Dritten  zug\u00e4nglich gemacht werden. Hiervon ausgenommen sind Dateien, die auf  diesen Webseiten ausdr\u00fccklich zum Download zur Anschau und f\u00fcr den  Ausdruck angeboten werden. Das Material darf ausschlie\u00dflich zum  privaten, nichtkommerziellen Gebrauch zum Zweck der Information unter  strikter Einhaltung des Urheberrechts benutzt werden. Einige Seiten  enthalten au\u00dferdem Bilder, die dem Copyright Dritter unterliegen.<\/p>\n\n\n\n<p><\/p>\n","protected":false},"excerpt":{"rendered":"<p>Externe Links Das Magazin enth\u00e4lt Verkn\u00fcpfungen zu Webseiten Dritter (&#8222;externe Links&#8220;). Diese Webseiten unterliegen der Haftung der jeweiligen Betreiber. Der Herausgeber hat bei der erstmaligen [&hellip;] <span class=\"read-more-link\"><a class=\"read-more\" href=\"http:\/\/neue-zeit-magazin.de\/?page_id=164\">Read More<\/a><\/span><\/p>\n","protected":false},"author":2,"featured_media":0,"parent":0,"menu_order":0,"comment_status":"closed","ping_status":"closed","template":"","meta":{"footnotes":""},"class_list":["post-164","page","type-page","status-publish","hentry"],"_links":{"self":[{"href":"http:\/\/neue-zeit-magazin.de\/index.php?rest_route=\/wp\/v2\/pages\/164","targetHints":{"allow":["GET"]}}],"collection":[{"href":"http:\/\/neue-zeit-magazin.de\/index.php?rest_route=\/wp\/v2\/pages"}],"about":[{"href":"http:\/\/neue-zeit-magazin.de\/index.php?rest_route=\/wp\/v2\/types\/page"}],"author":[{"embeddable":true,"href":"http:\/\/neue-zeit-magazin.de\/index.php?rest_route=\/wp\/v2\/users\/2"}],"replies":[{"embeddable":true,"href":"http:\/\/neue-zeit-magazin.de\/index.php?rest_route=%2Fwp%2Fv2%2Fcomments&post=164"}],"version-history":[{"count":2,"href":"http:\/\/neue-zeit-magazin.de\/index.php?rest_route=\/wp\/v2\/pages\/164\/revisions"}],"predecessor-version":[{"id":331,"href":"http:\/\/neue-zeit-magazin.de\/index.php?rest_route=\/wp\/v2\/pages\/164\/revisions\/331"}],"wp:attachment":[{"href":"http:\/\/neue-zeit-magazin.de\/index.php?rest_route=%2Fwp%2Fv2%2Fmedia&parent=164"}],"curies":[{"name":"wp","href":"https:\/\/api.w.org\/{rel}","templated":true}]}}